{"id":2,"date":"2020-09-05T23:39:53","date_gmt":"2020-09-06T02:39:53","guid":{"rendered":"https:\/\/kasa.com.br\/valores\/?page_id=2"},"modified":"2026-04-23T14:12:05","modified_gmt":"2026-04-23T17:12:05","slug":"home","status":"publish","type":"page","link":"https:\/\/kasa.com.br\/valores\/home\/","title":{"rendered":"Home"},"content":{"rendered":"\n<h2 class=\"wp-block-heading\">VOC\u00ca LIVRE PARA MORAR<\/h2>\n\n\n\n<p>Com um formato inovador, o KASA foi projetado nos m\u00ednimos detalhes para respeitar a sua liberdade de ir e vir, seguindo a tend\u00eancia dos co-livings no mundo.<\/p>\n\n\n\n<p>More na Vila Ol\u00edmpia, um dos bairros mais desejados de S\u00e3o Paulo, pertinho de tudo o que voc\u00ea precisa, e viva toda a experi\u00eancia que s\u00f3 o 1\u00b0 co-living do Brasil oferece.<\/p>\n","protected":false},"excerpt":{"rendered":"<p>VOC\u00ca LIVRE PARA MORAR Com um formato inovador, o KASA foi projetado nos m\u00ednimos detalhes para respeitar a sua liberdade de ir e vir, seguindo a tend\u00eancia dos co-livings no mundo. More na Vila Ol\u00edmpia, um dos bairros mais desejados de S\u00e3o Paulo, pertinho de tudo o que voc\u00ea precisa, e viva toda a experi\u00eancia [&hellip;]<\/p>\n","protected":false},"author":1,"featured_media":0,"parent":0,"menu_order":1,"comment_status":"closed","ping_status":"closed","template":"pages\/home.php","meta":{"_acf_changed":false,"footnotes":""},"class_list":["post-2","page","type-page","status-publish","hentry"],"acf":[],"yoast_head":"<!-- This site is optimized with the Yoast SEO plugin v27.4 - https:\/\/yoast.com\/product\/yoast-seo-wordpress\/ -->\n<title>KASA<\/title>\n<meta name=\"robots\" content=\"noindex, follow, max-snippet:-1, max-image-preview:large, max-video-preview:-1\" \/>\n<meta property=\"og:locale\" content=\"pt_BR\" \/>\n<meta property=\"og:type\" content=\"article\" \/>\n<meta property=\"og:title\" content=\"KASA\" \/>\n<meta property=\"og:description\" content=\"VOC\u00ca LIVRE PARA MORAR Com um formato inovador, o KASA foi projetado nos m\u00ednimos detalhes para respeitar a sua liberdade de ir e vir, seguindo a tend\u00eancia dos co-livings no mundo. More na Vila Ol\u00edmpia, um dos bairros mais desejados de S\u00e3o Paulo, pertinho de tudo o que voc\u00ea precisa, e viva toda a experi\u00eancia [&hellip;]\" \/>\n<meta property=\"og:url\" content=\"https:\/\/kasa.com.br\/valores\/home\/\" \/>\n<meta property=\"og:site_name\" content=\"KASA\" \/>\n<meta property=\"article:modified_time\" content=\"2026-04-23T17:12:05+00:00\" \/>\n<meta name=\"twitter:card\" content=\"summary_large_image\" \/>\n<meta name=\"twitter:label1\" content=\"Est. tempo de leitura\" \/>\n\t<meta name=\"twitter:data1\" content=\"1 minuto\" \/>\n<script type=\"application\/ld+json\" class=\"yoast-schema-graph\">{\"@context\":\"https:\\\/\\\/schema.org\",\"@graph\":[{\"@type\":\"WebPage\",\"@id\":\"https:\\\/\\\/kasa.com.br\\\/valores\\\/home\\\/\",\"url\":\"https:\\\/\\\/kasa.com.br\\\/valores\\\/home\\\/\",\"name\":\"KASA\",\"isPartOf\":{\"@id\":\"https:\\\/\\\/kasa.com.br\\\/valores\\\/#website\"},\"datePublished\":\"2020-09-06T02:39:53+00:00\",\"dateModified\":\"2026-04-23T17:12:05+00:00\",\"breadcrumb\":{\"@id\":\"https:\\\/\\\/kasa.com.br\\\/valores\\\/home\\\/#breadcrumb\"},\"inLanguage\":\"pt-BR\",\"potentialAction\":[{\"@type\":\"ReadAction\",\"target\":[\"https:\\\/\\\/kasa.com.br\\\/valores\\\/home\\\/\"]}]},{\"@type\":\"BreadcrumbList\",\"@id\":\"https:\\\/\\\/kasa.com.br\\\/valores\\\/home\\\/#breadcrumb\",\"itemListElement\":[{\"@type\":\"ListItem\",\"position\":1,\"name\":\"In\u00edcio\",\"item\":\"https:\\\/\\\/kasa.com.br\\\/valores\\\/\"},{\"@type\":\"ListItem\",\"position\":2,\"name\":\"Home\"}]},{\"@type\":\"WebSite\",\"@id\":\"https:\\\/\\\/kasa.com.br\\\/valores\\\/#website\",\"url\":\"https:\\\/\\\/kasa.com.br\\\/valores\\\/\",\"name\":\"KASA\",\"description\":\"\",\"potentialAction\":[{\"@type\":\"SearchAction\",\"target\":{\"@type\":\"EntryPoint\",\"urlTemplate\":\"https:\\\/\\\/kasa.com.br\\\/valores\\\/?s={search_term_string}\"},\"query-input\":{\"@type\":\"PropertyValueSpecification\",\"valueRequired\":true,\"valueName\":\"search_term_string\"}}],\"inLanguage\":\"pt-BR\"}]}<\/script>\n<!-- \/ Yoast SEO plugin. -->","yoast_head_json":{"title":"KASA","robots":{"index":"noindex","follow":"follow","max-snippet":"max-snippet:-1","max-image-preview":"max-image-preview:large","max-video-preview":"max-video-preview:-1"},"og_locale":"pt_BR","og_type":"article","og_title":"KASA","og_description":"VOC\u00ca LIVRE PARA MORAR Com um formato inovador, o KASA foi projetado nos m\u00ednimos detalhes para respeitar a sua liberdade de ir e vir, seguindo a tend\u00eancia dos co-livings no mundo. More na Vila Ol\u00edmpia, um dos bairros mais desejados de S\u00e3o Paulo, pertinho de tudo o que voc\u00ea precisa, e viva toda a experi\u00eancia [&hellip;]","og_url":"https:\/\/kasa.com.br\/valores\/home\/","og_site_name":"KASA","article_modified_time":"2026-04-23T17:12:05+00:00","twitter_card":"summary_large_image","twitter_misc":{"Est. tempo de leitura":"1 minuto"},"schema":{"@context":"https:\/\/schema.org","@graph":[{"@type":"WebPage","@id":"https:\/\/kasa.com.br\/valores\/home\/","url":"https:\/\/kasa.com.br\/valores\/home\/","name":"KASA","isPartOf":{"@id":"https:\/\/kasa.com.br\/valores\/#website"},"datePublished":"2020-09-06T02:39:53+00:00","dateModified":"2026-04-23T17:12:05+00:00","breadcrumb":{"@id":"https:\/\/kasa.com.br\/valores\/home\/#breadcrumb"},"inLanguage":"pt-BR","potentialAction":[{"@type":"ReadAction","target":["https:\/\/kasa.com.br\/valores\/home\/"]}]},{"@type":"BreadcrumbList","@id":"https:\/\/kasa.com.br\/valores\/home\/#breadcrumb","itemListElement":[{"@type":"ListItem","position":1,"name":"In\u00edcio","item":"https:\/\/kasa.com.br\/valores\/"},{"@type":"ListItem","position":2,"name":"Home"}]},{"@type":"WebSite","@id":"https:\/\/kasa.com.br\/valores\/#website","url":"https:\/\/kasa.com.br\/valores\/","name":"KASA","description":"","potentialAction":[{"@type":"SearchAction","target":{"@type":"EntryPoint","urlTemplate":"https:\/\/kasa.com.br\/valores\/?s={search_term_string}"},"query-input":{"@type":"PropertyValueSpecification","valueRequired":true,"valueName":"search_term_string"}}],"inLanguage":"pt-BR"}]}},"_links":{"self":[{"href":"https:\/\/kasa.com.br\/valores\/wp-json\/wp\/v2\/pages\/2","targetHints":{"allow":["GET"]}}],"collection":[{"href":"https:\/\/kasa.com.br\/valores\/wp-json\/wp\/v2\/pages"}],"about":[{"href":"https:\/\/kasa.com.br\/valores\/wp-json\/wp\/v2\/types\/page"}],"author":[{"embeddable":true,"href":"https:\/\/kasa.com.br\/valores\/wp-json\/wp\/v2\/users\/1"}],"replies":[{"embeddable":true,"href":"https:\/\/kasa.com.br\/valores\/wp-json\/wp\/v2\/comments?post=2"}],"version-history":[{"count":5,"href":"https:\/\/kasa.com.br\/valores\/wp-json\/wp\/v2\/pages\/2\/revisions"}],"predecessor-version":[{"id":458,"href":"https:\/\/kasa.com.br\/valores\/wp-json\/wp\/v2\/pages\/2\/revisions\/458"}],"wp:attachment":[{"href":"https:\/\/kasa.com.br\/valores\/wp-json\/wp\/v2\/media?parent=2"}],"curies":[{"name":"wp","href":"https:\/\/api.w.org\/{rel}","templated":true}]}}